{"id":88,"date":"2013-12-15T16:16:22","date_gmt":"2013-12-15T21:16:22","guid":{"rendered":"https:\/\/simscuisine.com\/?page_id=88"},"modified":"2015-12-04T12:22:56","modified_gmt":"2015-12-04T17:22:56","slug":"niveaux-de-competence","status":"publish","type":"page","link":"https:\/\/simscuisine.com\/fr\/niveaux-de-competence\/","title":{"rendered":"Niveaux de comp\u00e9tence"},"content":{"rendered":"<div class=\"row\"> <div class=\"col-md-6\">\n\n<table id=\"tablepress-les-sims-3\" class=\"tablepress tablepress-id-les-sims-3\">\n<tbody>\n<tr class=\"row-1\">\n\t<td class=\"column-1\"><a href=\"http:\/\/www.simscuisine.com\/fr\/category\/jeux\/les-sims-3\/\"><img loading=\"lazy\" decoding=\"async\" src=\"http:\/\/www.simscuisine.com\/wp-content\/uploads\/2014\/11\/TS3_Icon_60.png\" alt=\"TS3_Icon_60\" width=\"60\" height=\"60\" class=\"aligncenter size-full wp-image-209\" srcset=\"https:\/\/simscuisine.com\/wp-content\/uploads\/2014\/11\/TS3_Icon_60.png 60w, https:\/\/simscuisine.com\/wp-content\/uploads\/2014\/11\/TS3_Icon_60-20x20.png 20w, https:\/\/simscuisine.com\/wp-content\/uploads\/2014\/11\/TS3_Icon_60-40x40.png 40w\" sizes=\"(max-width: 60px) 100vw, 60px\" \/><\/a><\/td><td class=\"column-2\"><h2>Les Sims 3<\/h2><\/td>\n<\/tr>\n<\/tbody>\n<\/table>\n<!-- #tablepress-les-sims-3 from cache -->\n<p>&nbsp;<\/p>\n<h4><a href=\"https:\/\/simscuisine.com\/fr\/category\/niveau-de-competence\/niveau-1\/\">NIVEAU 0<\/a><\/h4>\n<ul>\n<li>Salade d&rsquo;automne<\/li>\n<li>Hot Dogs<\/li>\n<li>Macaronis au fromage<\/li>\n<li>Tofu Dogs<\/li>\n<li>Gaufres<\/li>\n<\/ul>\n<p>&nbsp;<\/p>\n<h4><a href=\"https:\/\/simscuisine.com\/fr\/category\/niveau-de-competence\/niveau-1\/\">NIVEAU 1<\/a><\/h4>\n<ul>\n<li>Assiette de fromages<\/li>\n<li>Chili con carne<\/li>\n<li>Pancakes<\/li>\n<li>Beurre de cacahu\u00e8te et gel\u00e9e<\/li>\n<li>Ratatouille<\/li>\n<li>Kebab<\/li>\n<li>Chili v\u00e9g\u00e9tarien<\/li>\n<\/ul>\n<p>&nbsp;<\/p>\n<h4><a href=\"https:\/\/simscuisine.com\/fr\/category\/niveau-de-competence\/niveau-2\/\">NIVEAU 2<\/a><\/h4>\n<ul>\n<li>P\u00e2t\u00e9 imp\u00e9rial<\/li>\n<li><a href=\"https:\/\/simscuisine.com\/fr\/pates-carbolafrime\/\">P\u00e2tes Carbolafrime<\/a><\/li>\n<li>Sandwich au fromage fondu<\/li>\n<li>Omelette aux champignons<\/li>\n<\/ul>\n<p>&nbsp;<\/p>\n<h4><a href=\"https:\/\/simscuisine.com\/fr\/category\/niveau-de-competence\/niveau-3\/\">NIVEAU 3<\/a><\/h4>\n<ul>\n<li>Bouillabaisse<\/li>\n<li><a title=\"Cookies\" href=\"https:\/\/simscuisine.com\/cookies\/\">Cookies<\/a><\/li>\n<li>Poisson et frites<\/li>\n<li>Cuisses de grenouilles<\/li>\n<li><a title=\"Soupe aigre \u00e9pic\u00e9e\" href=\"https:\/\/simscuisine.com\/soupe-aigre-epicee\/\">Soupe aigre \u00e9pic\u00e9e<\/a><\/li>\n<li>Poisson et frites v\u00e9g\u00e9tariens<\/li>\n<\/ul>\n<p>&nbsp;<\/p>\n<h4><a href=\"https:\/\/simscuisine.com\/fr\/category\/niveau-de-competence\/niveau-4\/\">NIVEAU 4<\/a><\/h4>\n<ul>\n<li><a title=\"Fruits &amp; Yaourt\" href=\"https:\/\/simscuisine.com\/fr\/fruits-yaourt\/\">Fruits &amp; Yaourt<\/a><\/li>\n<li>Spaghettis<\/li>\n<li>Spaghettis et sauce aux l\u00e9gumes<\/li>\n<li>Sushis<\/li>\n<li>Sushis v\u00e9g\u00e9tarien<\/li>\n<\/ul>\n<p>&nbsp;<\/p>\n<h4><a href=\"https:\/\/simscuisine.com\/fr\/category\/niveau-de-competence\/niveau-5\/\">NIVEAU 5<\/a><\/h4>\n<ul>\n<li>Steak de tofu au fromage<\/li>\n<li>Sandwich am\u00e9ricain<\/li>\n<li>Falafel<\/li>\n<li>Crevettes piment\u00e9es<\/li>\n<li>Tofu piment\u00e9<\/li>\n<li><a title=\"Beurre de cacahu\u00e8te frit et sandwich \u00e0 la banane\" href=\"https:\/\/simscuisine.com\/beurre-de-cacahuete-frit-et-sandwich-a-la-banane\/\">Beurre de cacahu\u00e8te frit et sandwich \u00e0 la banane<\/a><\/li>\n<li>Tarte au potiron<\/li>\n<li>Rago\u00fbt Surprise<\/li>\n<\/ul>\n<p>&nbsp;<\/p>\n<h4><a href=\"https:\/\/simscuisine.com\/fr\/category\/niveau-de-competence\/niveau-6\/\">NIVEAU 6<\/a><\/h4>\n<ul>\n<li>Cury Aloo Massala<\/li>\n<li>Crumble aux fruits<\/li>\n<li><a title=\"Hamburger\" href=\"https:\/\/simscuisine.com\/fr\/hamburger-fr\/\">Hamburger<\/a><\/li>\n<li>Saut\u00e9 asiatique<\/li>\n<li><a title=\"Hamburger v\u00e9g\u00e9tarien\" href=\"https:\/\/simscuisine.com\/fr\/hamburger-vegetarien\/\">Hamburger v\u00e9g\u00e9tarien<\/a><\/li>\n<\/ul>\n<p>&nbsp;<\/p>\n<h4><a href=\"https:\/\/simscuisine.com\/fr\/category\/niveau-de-competence\/niveau-7\/\">NIVEAU 7<\/a><\/h4>\n<ul>\n<li>\u0152ufs Machiavel<\/li>\n<li>Tarte au citron vert<\/li>\n<li>Risotto aux c\u00e8pes<\/li>\n<\/ul>\n<p>&nbsp;<\/p>\n<h4><a href=\"https:\/\/simscuisine.com\/fr\/category\/niveau-de-competence\/niveau-8\/\">NIVEAU 8<\/a><\/h4>\n<ul>\n<li>Cr\u00eapes<\/li>\n<li>Saumon Grill\u00e9<\/li>\n<li>Faux-filet<\/li>\n<li>Faux-filet en tofu<\/li>\n<li>Saumon grill\u00e9 v\u00e9g\u00e9tarien<\/li>\n<\/ul>\n<p>&nbsp;<\/p>\n<h4><a href=\"https:\/\/simscuisine.com\/fr\/category\/niveau-de-competence\/niveau-9\/\">NIVEAU 9<\/a><\/h4>\n<ul>\n<li>Raviolis \u00e0 la vapeur<\/li>\n<li>Pain Perdu<\/li>\n<li>Tarte aux pommes-de-terre et truffes<\/li>\n<li>Dinde farcie<\/li>\n<li>Dinde v\u00e9g\u00e9tarienne en soja farcie<\/li>\n<li>Raviolis \u00e0 la vapeur v\u00e9g\u00e9tariens<\/li>\n<\/ul>\n<p>&nbsp;<\/p>\n<h4><a href=\"https:\/\/simscuisine.com\/fr\/category\/niveau-de-competence\/niveau-10\/\">NIVEAU 10<\/a><\/h4>\n<ul>\n<li>Ambroisie<\/li>\n<li>G\u00e2teau des anges<\/li>\n<li>Ceviche<\/li>\n<li>Homard Thermidor<\/li>\n<li>Homard thermidor v\u00e9g\u00e9tarien<\/li>\n<\/ul>\n<p>&nbsp;<\/p>\n<\/div><div class=\"col-md-6\">\n\n<table id=\"tablepress-les-sims-4\" class=\"tablepress tablepress-id-les-sims-4\">\n<tbody>\n<tr class=\"row-1\">\n\t<td class=\"column-1\"><img loading=\"lazy\" decoding=\"async\" src=\"http:\/\/www.simscuisine.com\/wp-content\/uploads\/2015\/02\/TS4_Icon_60.png\" alt=\"TS4_Icon_60\" width=\"60\" height=\"60\" class=\"aligncenter size-full wp-image-749\" srcset=\"https:\/\/simscuisine.com\/wp-content\/uploads\/2015\/02\/TS4_Icon_60.png 60w, https:\/\/simscuisine.com\/wp-content\/uploads\/2015\/02\/TS4_Icon_60-20x20.png 20w, https:\/\/simscuisine.com\/wp-content\/uploads\/2015\/02\/TS4_Icon_60-40x40.png 40w\" sizes=\"(max-width: 60px) 100vw, 60px\" \/><\/td><td class=\"column-2\"><h2>Les Sims 4<\/h2><\/td>\n<\/tr>\n<\/tbody>\n<\/table>\n<!-- #tablepress-les-sims-4 from cache -->\n<p>&nbsp;<\/p>\n<h4>NIVEAU\u00a01<\/h4>\n<ul>\n<li>Macaronis au fromage<\/li>\n<li>G\u00e2teau au chocolat<\/li>\n<li>G\u00e2teau hamburger<\/li>\n<li>Salade du jardin<\/li>\n<li>Sandwich au fromage fondu<\/li>\n<li>G\u00e2teau blanc<\/li>\n<li>Oeufs brouill\u00e9s<\/li>\n<li>Hamburger<\/li>\n<li>Veggie Burger<\/li>\n<li>Hot Dogs<\/li>\n<li>Tofu Dogs<\/li>\n<li>Cupcake classique \u00e0 la vanille<\/li>\n<\/ul>\n<p>&nbsp;<\/p>\n<h4>NIVEAU\u00a02<\/h4>\n<ul>\n<li>Sandwich BLT<\/li>\n<li>Tacos au poisson<\/li>\n<li>Toast avec oeufs<\/li>\n<li>Chips &amp; sauce mexicaine<\/li>\n<li>Assiette prot\u00e9in\u00e9e \u00e9nerg\u00e9tique<\/li>\n<li>Cupcake moka-menthe<\/li>\n<\/ul>\n<p>&nbsp;<\/p>\n<h4>NIVEAU\u00a03<\/h4>\n<ul>\n<li>Tilapia frit \u00e0 la po\u00eale<\/li>\n<li>Cookies aux p\u00e9pites de chocolat<\/li>\n<li>Gratin Taco<\/li>\n<li>Pancakes<\/li>\n<li>Pancakes aux oursons en g\u00e9latine loufoque<\/li>\n<li>Biscuits enj\u00f4leurs en forme de c\u0153ur<\/li>\n<li>Sandwich \u00e0 la salade de poulet<\/li>\n<li>Cupcake \u00e0 la carotte<\/li>\n<\/ul>\n<p>&nbsp;<\/p>\n<h4>NIVEAU\u00a04<\/h4>\n<ul>\n<li>Biscuit noirs et blancs<\/li>\n<li>Spaghettis<\/li>\n<li>Spaghettis enflamm\u00e9s en col\u00e8re<\/li>\n<li>G\u00e2teau aux fraises<\/li>\n<li>Cupcake au caramel<\/li>\n<\/ul>\n<p>&nbsp;<\/p>\n<h4>NIVEAU\u00a05<\/h4>\n<ul>\n<li>Fish and chips<\/li>\n<li>Pain perdu<\/li>\n<li>Sp\u00e9cialit\u00e9 de&#8230; (g\u00e2teau)<\/li>\n<li>Saumon grill\u00e9<\/li>\n<li>Cupcake Acidulofraise<\/li>\n<\/ul>\n<p>&nbsp;<\/p>\n<h4>NIVEAU\u00a06<\/h4>\n<ul>\n<li>Chili<\/li>\n<li>G\u00e2teau bleu aux confettis<\/li>\n<li>Cupcake Red Velvet<\/li>\n<\/ul>\n<p>&nbsp;<\/p>\n<h4>NIVEAU\u00a07<\/h4>\n<ul>\n<li>Omelette<\/li>\n<li>Bar grill\u00e9<\/li>\n<li>Steak<\/li>\n<li>Cupcake Choco-puissant<\/li>\n<\/ul>\n<p>&nbsp;<\/p>\n<h4>NIVEAU\u00a08<\/h4>\n<ul>\n<li>Tarte aux pommes<\/li>\n<li>Le Cupakobacon<\/li>\n<\/ul>\n<p>&nbsp;<\/p>\n<h4>NIVEAU\u00a09<\/h4>\n<ul>\n<li>Saut\u00e9 de poulet asiatique<\/li>\n<li>Cioppino<\/li>\n<\/ul>\n<p>&nbsp;<\/p>\n<h4>NIVEAU\u00a010<\/h4>\n<ul>\n<li>Thon cuit \u00e0 la cocotte<\/li>\n<li>Poulet r\u00f4ti<\/li>\n<\/ul>\n<p>&nbsp;<\/p>\n<\/div>\n<\/div>\n","protected":false},"excerpt":{"rendered":"","protected":false},"author":1,"featured_media":0,"parent":0,"menu_order":0,"comment_status":"closed","ping_status":"closed","template":"","meta":{"footnotes":""},"class_list":["post-88","page","type-page","status-publish","hentry"],"_links":{"self":[{"href":"https:\/\/simscuisine.com\/fr\/wp-json\/wp\/v2\/pages\/88"}],"collection":[{"href":"https:\/\/simscuisine.com\/fr\/wp-json\/wp\/v2\/pages"}],"about":[{"href":"https:\/\/simscuisine.com\/fr\/wp-json\/wp\/v2\/types\/page"}],"author":[{"embeddable":true,"href":"https:\/\/simscuisine.com\/fr\/wp-json\/wp\/v2\/users\/1"}],"replies":[{"embeddable":true,"href":"https:\/\/simscuisine.com\/fr\/wp-json\/wp\/v2\/comments?post=88"}],"version-history":[{"count":11,"href":"https:\/\/simscuisine.com\/fr\/wp-json\/wp\/v2\/pages\/88\/revisions"}],"predecessor-version":[{"id":773,"href":"https:\/\/simscuisine.com\/fr\/wp-json\/wp\/v2\/pages\/88\/revisions\/773"}],"wp:attachment":[{"href":"https:\/\/simscuisine.com\/fr\/wp-json\/wp\/v2\/media?parent=88"}],"curies":[{"name":"wp","href":"https:\/\/api.w.org\/{rel}","templated":true}]}}